{"id":776,"date":"2024-04-11T13:33:16","date_gmt":"2024-04-11T11:33:16","guid":{"rendered":"https:\/\/instalferro.com\/?page_id=776"},"modified":"2024-04-11T13:33:17","modified_gmt":"2024-04-11T11:33:17","slug":"politica-de-cookies","status":"publish","type":"page","link":"https:\/\/instalferro.com\/index.php\/politica-de-cookies\/","title":{"rendered":"Pol\u00edtica de cookies"},"content":{"rendered":"\n<h2 class=\"wp-block-heading has-black-color has-text-color has-link-color has-x-large-font-size wp-elements-574ee55110bcb91634524dbb0d9bb035\"><strong>POL\u00cdTICA DE COOKIES<\/strong><\/h2>\n\n\n\n<div style=\"height:16px\" aria-hidden=\"true\" class=\"wp-block-spacer\"><\/div>\n\n\n\n<div class=\"wp-block-group\" style=\"font-size:17px\"><div class=\"wp-block-group__inner-container is-layout-constrained wp-block-group-is-layout-constrained\">\n<p style=\"font-size:17px\">Instalferro S.L. (en adelante, Instalferro) utiliza cookies para mejorar y optimizar la experiencia del usuario. En este documento, se informa sobre qu\u00e9 son las cookies, qu\u00e9 tipo de cookies utiliza este sitio web, como puede desactivarlas, etc. <\/p>\n\n\n\n<div style=\"height:15px\" aria-hidden=\"true\" class=\"wp-block-spacer\"><\/div>\n\n\n\n<p style=\"font-size:20px\"><strong>1- \u00bfQu\u00e9 son las cookies?<\/strong><\/p>\n\n\n\n<p>Las Cookies son archivos que los sitios web o las aplicaciones instalan en el navegador o en el dispositivo del usuario durante su recorrido, y sirven para almacenar informaci\u00f3n sobre su visita.<\/p>\n\n\n\n<p>Como la mayor\u00eda de los sitios en internet, este sitio web utiliza Cookies para:<\/p>\n\n\n\n<ul>\n<li>Asegurar que las p\u00e1ginas web pueden funcionar correctamente.<\/li>\n\n\n\n<li>Almacenar las preferencias, como el idioma que ha seleccionado.<\/li>\n\n\n\n<li>Elementos de seguridad que intervienen en el control de acceso a las \u00e1reas restringidas.<\/li>\n\n\n\n<li>Conocer la experiencia de navegaci\u00f3n del usuario.<\/li>\n<\/ul>\n\n\n\n<p>El uso de Cookies permite optimizar la navegaci\u00f3n, adaptando la informaci\u00f3n y los servicios ofrecidos a los intereses del usuario, para proporcionarle una mejor experiencia siempre que visita el sitio web.<\/p>\n\n\n\n<p>Este sitio web utiliza Cookies para funcionar, adaptar y facilitar al m\u00e1ximo la navegaci\u00f3n del usuario.<\/p>\n\n\n\n<div style=\"height:15px\" aria-hidden=\"true\" class=\"wp-block-spacer\"><\/div>\n\n\n\n<p style=\"font-size:20px\"><strong>2- Tipo de cookies<\/strong><\/p>\n\n\n\n<ul>\n<li><strong>Cookies de estad\u00edsticas:<\/strong> Son aquellas que permiten al responsable de las mismas el seguimiento y an\u00e1lisis del comportamiento de los usuarios de los sitios web a los que est\u00e1n vinculadas, incluida la cuantificaci\u00f3n de los impactos de los anuncios. Permiten cuantificar el n\u00famero de usuarios y as\u00ed realizar la medici\u00f3n y an\u00e1lisis estad\u00edstico de la utilizaci\u00f3n que hacen los usuarios del servicio ofertado.<\/li>\n\n\n\n<li><strong>Cookies de marketing<\/strong>: Son aqu\u00e9llas que permiten la gesti\u00f3n, de la forma m\u00e1s eficaz posible, de los espacios publicitarios que, en su caso, el editor haya incluido en una p\u00e1gina web, aplicaci\u00f3n o plataforma desde la que presta el servicio solicitado. <\/li>\n\n\n\n<li><strong>Cookies t\u00e9cnicas o estrictamente necesarias<\/strong>: Son aqu\u00e9llas que permiten al usuario la navegaci\u00f3n a trav\u00e9s de una p\u00e1gina web, plataforma o aplicaci\u00f3n y la utilizaci\u00f3n de las diferentes opciones o servicios que en ella existan. <\/li>\n<\/ul>\n\n\n\n<div style=\"height:15px\" aria-hidden=\"true\" class=\"wp-block-spacer\"><\/div>\n\n\n\n<p style=\"font-size:20px\"><strong>3- Cookies utilizadas en la p\u00e1gina web de Instalferro<\/strong><\/p>\n\n\n\n<figure class=\"wp-block-table alignleft\" style=\"font-size:17px\"><table><tbody><tr><td>Nombre del proveedor<\/td><td>Finalidad<\/td><td>Si desea m\u00e1s informaci\u00f3n<\/td><\/tr><tr><td>WordPress<\/td><td>Guardar detalles del navegador.<\/td><td><a href=\"https:\/\/wordpress.com\/es\/support\/\" data-type=\"link\" data-id=\"https:\/\/wordpress.com\/es\/support\/\">WordPress<\/a><\/td><\/tr><tr><td>Canva<\/td><td>Almacenar y realizar un seguimiento del alcance de la audiencia.<\/td><td><a href=\"https:\/\/www.canva.com\/\">Canva<\/a><\/td><\/tr><tr><td>Google Maps<\/td><td>Usamos Google Maps para mostrar mapas.<\/td><td><a href=\"https:\/\/cookiedatabase.org\/cookie\/google-maps\/google-maps-api\/\" data-type=\"link\" data-id=\"https:\/\/cookiedatabase.org\/cookie\/google-maps\/google-maps-api\/\">Google Maps<\/a><\/td><\/tr><\/tbody><\/table><figcaption class=\"wp-element-caption\"><br><strong>4- Consentimiento informado<\/strong><\/figcaption><\/figure>\n\n\n\n<p>Cuando visites nuestra p\u00e1gina web por primera vez, le saltara una ventana emergente para aceptar o rechazar las cookies. Por lo tanto, usted presenta consentimiento sobre la utilizaci\u00f3n de estas, en los t\u00e9rminos y condiciones previstos en esta pol\u00edtica de cookies, sin prejuicio de las medidas de desactivaci\u00f3n. <\/p>\n\n\n\n<div style=\"height:20px\" aria-hidden=\"true\" class=\"wp-block-spacer\"><\/div>\n\n\n\n<p><strong>5- Desactivaci\u00f3n de cookies<\/strong><\/p>\n\n\n\n<p>Puedes eliminar o desactivar las cookies de forma autom\u00e1tica o manual, mediante la configuraci\u00f3n de las opciones de tu navegador. Tambi\u00e9n puedes especificar que ciertas cookies no pueden ser colocadas. En caso de que no permitas la instalaci\u00f3n de cookies en tu navegador, es posible que no puedas acceder a alguna de las secciones de nuestras webs.<\/p>\n\n\n\n<p>Otra opci\u00f3n es cambiar los ajustes de tu navegador de Internet para que recibas un mensaje cada vez que se coloca una cookie. Para obtener m\u00e1s informaci\u00f3n sobre estas opciones, consulta las instrucciones de la secci\u00f3n \u00abAyuda\u00bb de tu navegador.<\/p>\n\n\n\n<div style=\"height:16px\" aria-hidden=\"true\" class=\"wp-block-spacer\"><\/div>\n\n\n\n<p><strong>6- Datos de contacto<\/strong><\/p>\n\n\n\n<ul>\n<li>Instalferro, S.L.<\/li>\n\n\n\n<li>C.I.F.: B-67155952<\/li>\n\n\n\n<li>Domicilio social: Passatge dels Ferrers, 08184 Palau-solit\u00e0 i Plegamans, Barcelona<\/li>\n\n\n\n<li>Correo de contacto:\u00a0<a href=\"mailto:info@instalferro.com\">info@instalferro.com<\/a><\/li>\n\n\n\n<li>Tel\u00e9fono: 687 77 09 39<\/li>\n<\/ul>\n<\/div><\/div>\n\n\n\n<p><\/p>\n\n\n\n<p><\/p>\n\n\n\n<p><\/p>\n\n\n\n<p><\/p>\n","protected":false},"excerpt":{"rendered":"<p>POL\u00cdTICA DE COOKIES Instalferro S.L. (en adelante, Instalferro) utiliza cookies para mejorar y optimizar la experiencia del usuario. En este documento, se informa sobre qu\u00e9 son las cookies, qu\u00e9 tipo de cookies utiliza este sitio web, como puede desactivarlas, etc. 1- \u00bfQu\u00e9 son las cookies? Las Cookies son archivos que los sitios web o las [&hellip;]<\/p>\n","protected":false},"author":2,"featured_media":0,"parent":0,"menu_order":0,"comment_status":"closed","ping_status":"closed","template":"","meta":{"footnotes":""},"jetpack_sharing_enabled":true,"_links":{"self":[{"href":"https:\/\/instalferro.com\/index.php\/wp-json\/wp\/v2\/pages\/776"}],"collection":[{"href":"https:\/\/instalferro.com\/index.php\/wp-json\/wp\/v2\/pages"}],"about":[{"href":"https:\/\/instalferro.com\/index.php\/wp-json\/wp\/v2\/types\/page"}],"author":[{"embeddable":true,"href":"https:\/\/instalferro.com\/index.php\/wp-json\/wp\/v2\/users\/2"}],"replies":[{"embeddable":true,"href":"https:\/\/instalferro.com\/index.php\/wp-json\/wp\/v2\/comments?post=776"}],"version-history":[{"count":4,"href":"https:\/\/instalferro.com\/index.php\/wp-json\/wp\/v2\/pages\/776\/revisions"}],"predecessor-version":[{"id":780,"href":"https:\/\/instalferro.com\/index.php\/wp-json\/wp\/v2\/pages\/776\/revisions\/780"}],"wp:attachment":[{"href":"https:\/\/instalferro.com\/index.php\/wp-json\/wp\/v2\/media?parent=776"}],"curies":[{"name":"wp","href":"https:\/\/api.w.org\/{rel}","templated":true}]}}