{"id":759,"date":"2024-04-11T11:53:46","date_gmt":"2024-04-11T09:53:46","guid":{"rendered":"https:\/\/instalferro.com\/?page_id=759"},"modified":"2024-04-11T11:53:46","modified_gmt":"2024-04-11T09:53:46","slug":"aviso-legal","status":"publish","type":"page","link":"https:\/\/instalferro.com\/index.php\/aviso-legal\/","title":{"rendered":"AVISO LEGAL"},"content":{"rendered":"\n<div class=\"wp-block-group\" style=\"font-size:17px\"><div class=\"wp-block-group__inner-container is-layout-constrained wp-block-group-is-layout-constrained\">\n<p style=\"font-size:32px\"><strong>AVISO LEGAL<\/strong><\/p>\n\n\n\n<p style=\"font-size:17px\">Conforme la Ley 34\/2002, de Servicios de la Sociedad de la informaci\u00f3n y el Comercio Electr\u00f3nico, se pone en su conocimiento que, en nombre de la empresa Instalferro S.L, con B-67155952 gestiona los contenidos de este sitio web con domicilio social en passatge dels Ferrers, 08184 Palau-solit\u00e0 i Plegamans, Barcelona.<\/p>\n\n\n\n<div style=\"height:15px\" aria-hidden=\"true\" class=\"wp-block-spacer\"><\/div>\n\n\n\n<p style=\"font-size:19px\"><strong>1- Aceptaci\u00f3n de las condiciones generales <\/strong><\/p>\n\n\n\n<p>A la hora de utilizar este sitio web, se entiende que el cliente est\u00e1 de acuerdo con la totalidad de estas condiciones generales. Estos T\u00e9rminos se aplican a todos los visitantes, usuarios y otras personas que acceden o utilizan el Servicio. Si el usuario no est\u00e1 de acuerdo, no podr\u00e1 utilizar el sitio web &#8220;contacto&#8221; de Instalfero.  Al final de este aviso legal, estan los datos identificativos de la empresa.  <\/p>\n\n\n\n<div style=\"height:15px\" aria-hidden=\"true\" class=\"wp-block-spacer\"><\/div>\n\n\n\n<p style=\"font-size:19px\"><strong>2- Descripci\u00f3n del sitio web<\/strong><\/p>\n\n\n\n<p>Instalferro ofrece en su sitio Web el servicio de construcciones de hierro y cerrajer\u00eda a particulares y empresas en el \u00e1mbito europeo. Para ofrecer este servicio se ha elaborado una interfaz web de f\u00e1cil uso para el usuario, en la que se permite observar los servicios que ofrecemos, as\u00ed como obtener una informaci\u00f3n clara sobre ellos. \u00a0<\/p>\n\n\n\n<p>Si el cliente esta interesado en alguno de ellos, deber\u00e1 ir al apartado de contacto y mandarnos un formulario, donde deber\u00e1 de escribir sus datos identificativos para poder contactar con \u00e9l. La persona interesada en contactar con nosotros se obliga a usar los Servicios de forma diligente, correcta y l\u00edcita, con fines o efectos contrarios a la ley.<\/p>\n\n\n\n<p>Cuando el usuario facilita sus datos de car\u00e1cter personal utilizando nuestros formularios o correos electr\u00f3nicos de contacto, est\u00e1 autorizando expresamente a Instalferro, S.L. al tratamiento automatizado de sus Datos Personales para poder atender sus consultas o peticiones de servicios.<\/p>\n\n\n\n<div style=\"height:15px\" aria-hidden=\"true\" class=\"wp-block-spacer\"><\/div>\n\n\n\n<p style=\"font-size:19px\"><strong>3-Propiedad intelectual<\/strong><\/p>\n\n\n\n<p>El contenido de esta p\u00e1gina web, tanto caracter\u00edsticas como funcionalidad, est\u00e1n protegidos por la legislaci\u00f3n espa\u00f1ola, a favor de Instalferro. <\/p>\n\n\n\n<p>Al ser de propiedad exclusiva de la empresa queda totalmente prohibida su distribuci\u00f3n para qualquier falsificaci\u00f3n o otros usos, salvo que medie autorizaci\u00f3n expresa de Instalferro. <\/p>\n\n\n\n<div style=\"height:15px\" aria-hidden=\"true\" class=\"wp-block-spacer\"><\/div>\n\n\n\n<p style=\"font-size:19px\"><strong>4- Ley que rige<\/strong><\/p>\n\n\n\n<p>Estos T\u00e9rminos se regir\u00e1n e interpretar\u00e1n de acuerdo con las leyes de Espa\u00f1a sin tener en cuenta sus disposiciones sobre conflicto de leyes.<\/p>\n\n\n\n<p>Nuestra incapacidad para hacer cumplir cualquier derecho o disposici\u00f3n de estos T\u00e9rminos no se considerar\u00e1 una renuncia a esos derechos. Si un tribunal considera que alguna disposici\u00f3n de estos T\u00e9rminos es inv\u00e1lida o inaplicable, las disposiciones restantes de estos T\u00e9rminos seguir\u00e1n vigentes. Estos T\u00e9rminos constituyen el acuerdo completo entre nosotros con respecto a nuestro Servicio y reemplazan y reemplazan cualquier acuerdo anterior que podamos tener entre nosotros con respecto al Servicio.<\/p>\n\n\n\n<p>Cualquier controversia relativa a dicho sitio Web se regir\u00e1 por la legislaci\u00f3n espa\u00f1ola, renunciando expresamente las partes al fuero que les corresponda, y someti\u00e9ndose a los Juzgados y Tribunales de la ciudad de Barcelona, salvo fuero imperativo aplicable, como por ejemplo el domicilio del consumidor.<\/p>\n\n\n\n<div style=\"height:15px\" aria-hidden=\"true\" class=\"wp-block-spacer\"><\/div>\n\n\n\n<p style=\"font-size:19px\"><strong>5- Cambios<\/strong><\/p>\n\n\n\n<p>Instalferro se reserva el derecho a ampliar y modificar unilateralmente y sin previo aviso, los contenidos de la p\u00e1gina Web. <\/p>\n\n\n\n<p>Al continuar accediendo o utilizando nuestro Servicio despu\u00e9s de que esas revisiones entren en vigencia, usted acepta estar sujeto a los t\u00e9rminos revisados. Si no est\u00e1 de acuerdo con los nuevos t\u00e9rminos, deje de utilizar el Servicio.<\/p>\n\n\n\n<div style=\"height:15px\" aria-hidden=\"true\" class=\"wp-block-spacer\"><\/div>\n\n\n\n<p style=\"font-size:19px\"><strong>6- Resonsabilidad <\/strong><\/p>\n\n\n\n<p style=\"font-size:17px\">Instalferro S.L. no se responsabiliza del mal uso que se realice de los contenidos de su p\u00e1gina web, siendo responsabilidad exclusiva de la persona que accede a ellos o los utiliza. Tanto el acceso a esta p\u00e1gina web como el uso que pueda hacerse de la informaci\u00f3n contenida en el mismo es de la exclusiva responsabilidad de quien lo realiza.<\/p>\n\n\n\n<p>Tampoco se hace responsable de los posibles errores de seguridad que se puedan producir ni de los posibles da\u00f1os que puedan causarse al sistema inform\u00e1tico del usuario (hardware y software), los ficheros o documentos almacenados en el mismo, como consecuencia de la presencia de virus en el ordenador del usuario utilizado para la conexi\u00f3n a los servicios y contenidos de la web, de un mal funcionamiento del navegador o del uso de versiones no actualizadas del mismo.<\/p>\n\n\n\n<div style=\"height:15px\" aria-hidden=\"true\" class=\"wp-block-spacer\"><\/div>\n\n\n\n<p style=\"font-size:19px\"><strong>7- Datos de contacto<\/strong><\/p>\n\n\n\n<ul>\n<li>Correo de contacto:&nbsp;<a href=\"mailto:info@instalferro.com\">info@instalferro.com<\/a><\/li>\n\n\n\n<li style=\"font-size:17px\">Tel\u00e9fono: 687 77 09 39<\/li>\n<\/ul>\n<\/div><\/div>\n","protected":false},"excerpt":{"rendered":"<p>AVISO LEGAL Conforme la Ley 34\/2002, de Servicios de la Sociedad de la informaci\u00f3n y el Comercio Electr\u00f3nico, se pone en su conocimiento que, en nombre de la empresa Instalferro S.L, con B-67155952 gestiona los contenidos de este sitio web con domicilio social en passatge dels Ferrers, 08184 Palau-solit\u00e0 i Plegamans, Barcelona. 1- Aceptaci\u00f3n de [&hellip;]<\/p>\n","protected":false},"author":2,"featured_media":0,"parent":0,"menu_order":0,"comment_status":"closed","ping_status":"closed","template":"","meta":{"footnotes":""},"jetpack_sharing_enabled":true,"_links":{"self":[{"href":"https:\/\/instalferro.com\/index.php\/wp-json\/wp\/v2\/pages\/759"}],"collection":[{"href":"https:\/\/instalferro.com\/index.php\/wp-json\/wp\/v2\/pages"}],"about":[{"href":"https:\/\/instalferro.com\/index.php\/wp-json\/wp\/v2\/types\/page"}],"author":[{"embeddable":true,"href":"https:\/\/instalferro.com\/index.php\/wp-json\/wp\/v2\/users\/2"}],"replies":[{"embeddable":true,"href":"https:\/\/instalferro.com\/index.php\/wp-json\/wp\/v2\/comments?post=759"}],"version-history":[{"count":6,"href":"https:\/\/instalferro.com\/index.php\/wp-json\/wp\/v2\/pages\/759\/revisions"}],"predecessor-version":[{"id":767,"href":"https:\/\/instalferro.com\/index.php\/wp-json\/wp\/v2\/pages\/759\/revisions\/767"}],"wp:attachment":[{"href":"https:\/\/instalferro.com\/index.php\/wp-json\/wp\/v2\/media?parent=759"}],"curies":[{"name":"wp","href":"https:\/\/api.w.org\/{rel}","templated":true}]}}