{"id":746,"date":"2024-04-11T10:34:46","date_gmt":"2024-04-11T08:34:46","guid":{"rendered":"https:\/\/instalferro.com\/?page_id=746"},"modified":"2024-04-11T10:34:47","modified_gmt":"2024-04-11T08:34:47","slug":"politica-de-privacidad","status":"publish","type":"page","link":"https:\/\/instalferro.com\/index.php\/politica-de-privacidad\/","title":{"rendered":"Pol\u00edtica de privacidad"},"content":{"rendered":"\n<div style=\"height:12px\" aria-hidden=\"true\" class=\"wp-block-spacer\"><\/div>\n\n\n\n<h2 class=\"wp-block-heading has-text-align-left\" style=\"font-size:42px\">POL\u00cdTICA DE PRIVACIDAD DEL SITIO WEB<\/h2>\n\n\n\n<div style=\"height:20px\" aria-hidden=\"true\" class=\"wp-block-spacer\"><\/div>\n\n\n\n<p class=\"has-text-align-left has-vivid-cyan-blue-color has-text-color has-link-color wp-elements-d297f0b9c84cae5072b2202abb7e0614\"><a href=\"http:\/\/www.instalferro.com\">http:\/\/www.instalferro.com<\/a><\/p>\n\n\n\n<div style=\"height:27px\" aria-hidden=\"true\" class=\"wp-block-spacer\"><\/div>\n\n\n\n<p style=\"font-size:21px\"><strong>CL\u00c1USULA INFORMATIVA DE LA POL\u00cdTICA DE PRIVACIDAD Y PROTECCI\u00d3N DE DATOS<\/strong><\/p>\n\n\n\n<p style=\"font-size:17px\">Instalferro S.L. se preocupa por la privacidad de sus usuarios. Por ese motivo, le comunicamos que sus datos ser\u00e1n incorporados al sistema de Reglamiento General de Protecci\u00f3n de datos (RGPD) (UE) 2016\/679. La presente pol\u00edtica de privacidad establece la forma en que se recojer\u00e1 los datos personales de los usuarios que entren a la pagina web www.instalferro.com.&nbsp;<\/p>\n\n\n\n<p style=\"font-size:17px\">De acuerdo con los derechos que le confiere&nbsp;&nbsp;la normativa vigente en protecci\u00f3n de datos podr\u00e1 ejercer los derechos de acceso, rectificaci\u00f3n, limitaci\u00f3n de tratamiento, supresi\u00f3n, portabilidad y oposici\u00f3n al tratamiento de sus datos de car\u00e1cter personal as\u00ed como del consentimiento prestado para el tratamiento de los mismos, dirigiendo su petici\u00f3n a la direcci\u00f3n postal indicada m\u00e1s arriba o al correo electr\u00f3nico info@instalferro.com .<\/p>\n\n\n\n<div style=\"height:19px\" aria-hidden=\"true\" class=\"wp-block-spacer\"><\/div>\n\n\n\n<p style=\"font-size:19px\"><strong>1- Leyes que incorpora esta pol\u00edtica de privacidad<\/strong><\/p>\n\n\n\n<p style=\"font-size:17px\">Esta pol\u00edtica de privacidad est\u00e1 adaptada a la normativa espa\u00f1ola y europea vigente en materia de protecci\u00f3n de datos en internet. En concreto, la misma respeta las siguientes normas:<\/p>\n\n\n\n<ul>\n<li style=\"font-size:17px\">El Reglamento (UE) 2016\/679 del Parlamento Europeo y del consejo, de 27 de abril de 2016, relativo a la protecci\u00f3n de las personas f\u00edsicas en lo que respecta al tratamiento de datos personales y a la libre circulaci\u00f3n de estos datos (RGPD).<\/li>\n\n\n\n<li>La Ley Org\u00e1nica 3\/2018, de 5 de diciembre, de Protecci\u00f3n de Datos Personales y garant\u00eda de los derechos digitales (LOPD-GDD).<\/li>\n\n\n\n<li>El Real Decreto 1720\/2007, de 21 de diciembre, por el que se aprueba el Reglamento de desarrollo de la Ley Org\u00e1nica 15\/1999, de 13 de diciembre, de Protecci\u00f3n de Datos de Car\u00e1cter personal (RDLOPD).<\/li>\n\n\n\n<li>La Ley 34\/2002, de 11 de julio, de Servicios de la Sociedad de la informaci\u00f3n y de comercio electr\u00f3nico (LSSI-CE).<\/li>\n<\/ul>\n\n\n\n<div style=\"height:15px\" aria-hidden=\"true\" class=\"wp-block-spacer\"><\/div>\n\n\n\n<p style=\"font-size:19px\"><strong>2- Responsable del tratamiento de los datos personales <\/strong><\/p>\n\n\n\n<p style=\"font-size:17px\">El resposable de tratamiento de los datos personales recogidos en la p\u00e1gina web Instalferro es: <\/p>\n\n\n\n<ul>\n<li>Instalferro, S.L.<\/li>\n\n\n\n<li>C.I.F.: B-67155952<\/li>\n\n\n\n<li style=\"font-size:17px\">Domicilio social: Passatge dels Ferrers, 08184 Palau-solit\u00e0 i Plegamans, Barcelona<\/li>\n\n\n\n<li>Correo de contacto: <a href=\"mailto:info@instalferro.com\">info@instalferro.com<\/a><\/li>\n\n\n\n<li>Tel\u00e9fono: 687 77 09 39<\/li>\n<\/ul>\n\n\n\n<div style=\"height:15px\" aria-hidden=\"true\" class=\"wp-block-spacer\"><\/div>\n\n\n\n<p style=\"font-size:19px\"><strong>3- Categor\u00edas de datos personales<\/strong><\/p>\n\n\n\n<p style=\"font-size:17px\">Mientras utiliza nuestro Servicio, es posible que le solicitemos que nos proporcione cierta informaci\u00f3n de identificaci\u00f3n personal que pueda usarse para contactarlo o identificarlo. La informaci\u00f3n de identificaci\u00f3n personal (&#8220;Informaci\u00f3n personal&#8221;) puede incluir, entre otros:<\/p>\n\n\n\n<ul>\n<li style=\"font-size:17px\">Nombre<\/li>\n\n\n\n<li>Apellidos<\/li>\n\n\n\n<li>Direcci\u00f3n de correo electr\u00f3nico<\/li>\n<\/ul>\n\n\n\n<p style=\"font-size:17px\">Recopilamos informaci\u00f3n que su navegador env\u00eda cada vez que visita nuestro Servicio (&#8220;Datos de registro&#8221;). Estos datos de registro pueden incluir informaci\u00f3n como la direcci\u00f3n de Protocolo de Internet (&#8220;IP&#8221;) de su computadora, tipo de navegador, versi\u00f3n del navegador, las p\u00e1ginas de nuestro Servicio que visita, la hora y fecha de su visita, el tiempo dedicado a esas p\u00e1ginas y otros Estad\u00edsticas.<\/p>\n\n\n\n<div style=\"height:15px\" aria-hidden=\"true\" class=\"wp-block-spacer\"><\/div>\n\n\n\n<p style=\"font-size:19px\"><strong>4- Datos personales de menores de edad<\/strong><\/p>\n\n\n\n<p style=\"font-size:17px\">Respetando lo establecido en los art\u00edculos 8 del RGPD y 7 de la Ley Org\u00e1nica 3\/2018, de 5 de diciembre, de Protecci\u00f3n de datos personales y garant\u00eda de los derechos digitales, solo los mayores de edad podr\u00e1n otorgar su consentimiento para el tratamiento de sus datos pesonales. No recopilamos intencionalmente informaci\u00f3n de identificaci\u00f3n personal de ni\u00f1os menores de 18 a\u00f1os. Si usted es padre o tutor y sabe que su hijo nos ha proporcionado informaci\u00f3n personal, comun\u00edquese con nosotros. Si descubrimos que un ni\u00f1o menor de 18 a\u00f1os nos ha proporcionado informaci\u00f3n personal, eliminaremos dicha informaci\u00f3n de nuestros servidores inmediatamente.<\/p>\n\n\n\n<div style=\"height:15px\" aria-hidden=\"true\" class=\"wp-block-spacer\"><\/div>\n\n\n\n<p style=\"font-size:19px\"><strong>5. Seguridad<\/strong><\/p>\n\n\n\n<p style=\"font-size:17px\">La seguridad de su informaci\u00f3n personal es importante para nosotros, pero recuerde que ning\u00fan m\u00e9todo de transmisi\u00f3n a trav\u00e9s de Internet o m\u00e9todo de almacenamiento electr\u00f3nico es 100% seguro. Si bien nos esforzamos por utilizar medios comercialmente aceptables para proteger su informaci\u00f3n personal, no podemos garantizar su seguridad absoluta.<\/p>\n\n\n\n<div style=\"height:13px\" aria-hidden=\"true\" class=\"wp-block-spacer\"><\/div>\n\n\n\n<p><strong>6. Cambios a esta pol\u00edtica de privacidad<\/strong><\/p>\n\n\n\n<p>Podemos actualizar nuestra Pol\u00edtica de Privacidad de vez en cuando. Le notificaremos cualquier cambio publicando la nueva Pol\u00edtica de Privacidad en esta p\u00e1gina.<\/p>\n\n\n\n<p>Se le recomienda revisar esta Pol\u00edtica de Privacidad peri\u00f3dicamente para detectar cualquier cambio. Los cambios a esta Pol\u00edtica de Privacidad entran en vigencia cuando se publican en esta p\u00e1gina.<\/p>\n\n\n\n<div style=\"height:16px\" aria-hidden=\"true\" class=\"wp-block-spacer\"><\/div>\n\n\n\n<p style=\"font-size:19px\"><strong>7. Cont\u00e1ctenos<\/strong><\/p>\n\n\n\n<p style=\"font-size:17px\">Si tiene alguna pregunta sobre esta Pol\u00edtica de Privacidad, por favor cont\u00e1ctenos.<\/p>\n\n\n\n<p>\u00a9Instalferro, S.L<\/p>\n\n\n\n<p><\/p>\n\n\n\n<p><\/p>\n\n\n\n<p><\/p>\n\n\n\n<p><\/p>\n\n\n\n<p><\/p>\n\n\n\n<p><\/p>\n","protected":false},"excerpt":{"rendered":"<p>POL\u00cdTICA DE PRIVACIDAD DEL SITIO WEB http:\/\/www.instalferro.com CL\u00c1USULA INFORMATIVA DE LA POL\u00cdTICA DE PRIVACIDAD Y PROTECCI\u00d3N DE DATOS Instalferro S.L. se preocupa por la privacidad de sus usuarios. Por ese motivo, le comunicamos que sus datos ser\u00e1n incorporados al sistema de Reglamiento General de Protecci\u00f3n de datos (RGPD) (UE) 2016\/679. La presente pol\u00edtica de privacidad [&hellip;]<\/p>\n","protected":false},"author":2,"featured_media":0,"parent":0,"menu_order":0,"comment_status":"closed","ping_status":"closed","template":"","meta":{"footnotes":""},"jetpack_sharing_enabled":true,"_links":{"self":[{"href":"https:\/\/instalferro.com\/index.php\/wp-json\/wp\/v2\/pages\/746"}],"collection":[{"href":"https:\/\/instalferro.com\/index.php\/wp-json\/wp\/v2\/pages"}],"about":[{"href":"https:\/\/instalferro.com\/index.php\/wp-json\/wp\/v2\/types\/page"}],"author":[{"embeddable":true,"href":"https:\/\/instalferro.com\/index.php\/wp-json\/wp\/v2\/users\/2"}],"replies":[{"embeddable":true,"href":"https:\/\/instalferro.com\/index.php\/wp-json\/wp\/v2\/comments?post=746"}],"version-history":[{"count":7,"href":"https:\/\/instalferro.com\/index.php\/wp-json\/wp\/v2\/pages\/746\/revisions"}],"predecessor-version":[{"id":754,"href":"https:\/\/instalferro.com\/index.php\/wp-json\/wp\/v2\/pages\/746\/revisions\/754"}],"wp:attachment":[{"href":"https:\/\/instalferro.com\/index.php\/wp-json\/wp\/v2\/media?parent=746"}],"curies":[{"name":"wp","href":"https:\/\/api.w.org\/{rel}","templated":true}]}}